{"id":2380,"date":"2025-03-28T18:33:44","date_gmt":"2025-03-28T15:33:44","guid":{"rendered":"https:\/\/dtayseerken.com\/ayse-erken\/"},"modified":"2025-04-07T23:33:39","modified_gmt":"2025-04-07T20:33:39","slug":"ayse-erken","status":"publish","type":"page","link":"https:\/\/dtayseerken.com\/de\/ayse-erken\/","title":{"rendered":"Ay\u015fe Erken"},"content":{"rendered":"\n\n\t<section class=\"section\" id=\"section_993025196\">\n\t\t<div class=\"section-bg fill\" >\n\t\t\t\t\t\t\t\t\t\n\t\t\t\n\n\t\t<\/div>\n\n\t\t\n\n\t\t<div class=\"section-content relative\">\n\t\t\t\n\n<div class=\"row row-collapse row-divided\"  id=\"row-1504271270\">\n\n\n\t<div id=\"col-1118609823\" class=\"col medium-8 small-12 large-8\"  >\n\t\t\t\t<div class=\"col-inner\"  >\n\t\t\t\n\t\t\t\n\n<h1>Ay\u015fe Erken<\/h1>\n<p>Frau Ay\u015fe Erken ist 1977 in Izmir geboren. Die Grund-und Mittelschule besuchte sie in ihrer Heimatstadt E\u015fme in der t\u00fcrkischen Provinz U\u015fak. Ihren Oberschulabluss machte sie in Gaziantep an dem naturwissenschaftlichen Gymnasium Vehbi Din\u00e7erler. 1994 begann sie ihr Studium an der Sel\u00e7uk Universitaet, Fakultaet f\u00fcr Zahnmedizin, das sie 1999 erfolgreich abschloss. Gleich im Anschluss begann sie in Alanya in einer privaten Zahnklinik zu arbeiten, bis sie sich im Jahr 2009 mit einer eigenen Zahnarztpraxis selbststaendig machte. Bald wurde der Wunsch , sich zu vergr\u00f6ssern, zum Ziel. Im August 2018 wurde die neue und moderne\u00a0 Praxis f\u00fcr Mund-und Zahnheilkunde Ay\u015fe Erken, mit einem professionellem Team er\u00f6ffnet. Waehrend ihrer Praxistaetigkeit, nimmt sie an verschiedenen Seminaren, Fortbildungen und Kongressen teil, um die neuesten Innovationen in ihrer Praxis umzusetzen. In Zusammenarbeit mit den Teamkollegen aus Alanya und dem In-und Ausland, ist es vor allem das Ziel, eine bestm\u00f6gliche Arbeit zu leisten.<\/p>\n<ul>\n<li>1.-3. Dezember 2006;\u00a0 6. Internationaler wissenschaftlicher Kongress und Ausstellung der Aegaeis Zahnaerztekammer<\/li>\n<li>14.-16. Juni 2007;\u00a0 TDB Istanbul Kongress und Teilnahmezertifikat<\/li>\n<li>16.-18. November 2007;\u00a0 Internationaler wissenschaftlicher Kongress und Ausstellung der Aegaeis Zahnaerztekammer<\/li>\n<li>17.-18. Januar 2009;\u00a0 Dr. Genald Niznick Dental Implant Education Institute<\/li>\n<li>26.-27. November 2011;\u00a0 Grundkurs von Do\u00e7 Dr. Bahar Sezer und Do\u00e7 Dr. \u00d6v\u00fcl K\u00fcml\u00fco\u011flu \u00fcber Implantologie Stufe 1<\/li>\n<li>14.-15. Januar 2012;\u00a0 Grundkurs von Do\u00e7 Dr. Bahar Sezer und Do\u00e7 Dr. \u00d6v\u00fcl K\u00fcml\u00fco\u011flu \u00fcber Implantologie Stufe 2<\/li>\n<li>31. Mai-2. Juni 2012;\u00a0 TDB 19. Internationaler Zahnaerztekongress<\/li>\n<li>26. November 2014; Theoretische und praktische Ausbildung der Patientenrechtsabteilung<\/li>\n<li>1.-3. Mai 2015;\u00a0 IZDO Internationales Fr\u00fchjahrssymposium<\/li>\n<li>11. Dezember 2015; Klinische Parodontaltherapie<\/li>\n<li>19.-21. Mai 2016;\u00a0 TDA 22nd International Dental Congress<\/li>\n<li>6.-7. Oktober 2018;\u00a0 Kurs von Prof. Dr. Erhan \u00c7\u00f6mleko\u011flu \u00fcber Implantatprothetik<\/li>\n<li>15.-16. Dezember 2018; Fortbildung \u00fcber Keramik\/Laminate Zahnveneers<\/li>\n<li>19.-22. Dezember 2018;\u00a0 ICOI Meffert Implant Institute<\/li>\n<li>15.-16. Maerz 2019; Okklusionsregulierung in der vertikalen Dimensionierungsanwendung, Kiefergelenkserkrankungen und Aufbissschienenanwendung<\/li>\n<li>4.-7. September 2019;\u00a0 TDA 25th International Dental Congress<\/li>\n<li>18.-20. Oktober 2019;\u00a0 1st International Dentistry Summit<\/li>\n<li>20. Oktober 2019;\u00a0 Aktuelle digitale Technologien f\u00fcr eine schnelle und sichere L\u00f6sung bei aesthetischen Implantatanwendungen<\/li>\n<li>9. November 2019;\u00a0 Auswahl der Verbindung zwischen Implantat und Suprakonstruktion und Art der Versorgung in der Implantatprothetik, Seminarschwerpunkt : sofortige prothetische Versorgung<\/li>\n<li>14. Dezember 2019;\u00a0 Die Vorteile der klinischen und prothetischen Anwendungsverfahren von Press-Fit und Cold-Well<\/li>\n<li>28.-29. Februar 2020; Pozellan-und Kompositlamina-Veneers im Smile-Design<\/li>\n<li>19.-20. Juni 2020; Weiterbildung Kompositrestauration<\/li>\n<li>29. August 2021;\u00a0 Grund-und Fortgeschrittenenseminar Implantologische Chirurgie<\/li>\n<li>On 1-2 Oktober 2022 ;All On<\/li>\n<\/ul>\n\n\t\t<\/div>\n\t\t\t\t\t<\/div>\n\n\t\n\n\t<div id=\"col-551042789\" class=\"col medium-4 small-12 large-4 medium-col-first\"  >\n\t\t<div class=\"is-sticky-column\"><div class=\"is-sticky-column__inner\">\t\t<div class=\"col-inner\"  >\n\t\t\t\n\t\t\t\n\n\t<div class=\"img has-hover x md-x lg-x y md-y lg-y\" id=\"image_889475482\">\n\t\t\t\t\t\t\t\t<div class=\"img-inner dark\" >\n\t\t\t<img loading=\"lazy\" decoding=\"async\" width=\"600\" height=\"750\" src=\"https:\/\/dtayseerken.com\/wp-content\/uploads\/2025\/01\/DT-AYSE-ERKEN-DT-Ayse-Erken.webp\" class=\"attachment-original size-original\" alt=\"\" srcset=\"https:\/\/dtayseerken.com\/wp-content\/uploads\/2025\/01\/DT-AYSE-ERKEN-DT-Ayse-Erken.webp 600w, https:\/\/dtayseerken.com\/wp-content\/uploads\/2025\/01\/DT-AYSE-ERKEN-DT-Ayse-Erken-240x300.webp 240w\" sizes=\"auto, (max-width: 600px) 100vw, 600px\" title=\"\">\t\t\t\t\t\t\n\t\t\t\t\t<\/div>\n\t\t\t\t\t\t\t\t\n<style>\n#image_889475482 {\n  width: 100%;\n}\n<\/style>\n\t<\/div>\n\t\n\n\n\t\t<\/div>\n\t\t<\/div><\/div>\t\t\t<\/div>\n\n\t\n\n<\/div>\n\n\t\t<\/div>\n\n\t\t\n<style>\n#section_993025196 {\n  padding-top: 20px;\n  padding-bottom: 20px;\n}\n<\/style>\n\t<\/section>\n\t\n\n","protected":false},"excerpt":{"rendered":"","protected":false},"author":3,"featured_media":2140,"parent":0,"menu_order":0,"comment_status":"closed","ping_status":"closed","template":"page-blank.php","meta":{"_joinchat":[],"footnotes":""},"class_list":["post-2380","page","type-page","status-publish","has-post-thumbnail","hentry"],"_links":{"self":[{"href":"https:\/\/dtayseerken.com\/de\/wp-json\/wp\/v2\/pages\/2380","targetHints":{"allow":["GET"]}}],"collection":[{"href":"https:\/\/dtayseerken.com\/de\/wp-json\/wp\/v2\/pages"}],"about":[{"href":"https:\/\/dtayseerken.com\/de\/wp-json\/wp\/v2\/types\/page"}],"author":[{"embeddable":true,"href":"https:\/\/dtayseerken.com\/de\/wp-json\/wp\/v2\/users\/3"}],"replies":[{"embeddable":true,"href":"https:\/\/dtayseerken.com\/de\/wp-json\/wp\/v2\/comments?post=2380"}],"version-history":[{"count":3,"href":"https:\/\/dtayseerken.com\/de\/wp-json\/wp\/v2\/pages\/2380\/revisions"}],"predecessor-version":[{"id":3869,"href":"https:\/\/dtayseerken.com\/de\/wp-json\/wp\/v2\/pages\/2380\/revisions\/3869"}],"wp:featuredmedia":[{"embeddable":true,"href":"https:\/\/dtayseerken.com\/de\/wp-json\/wp\/v2\/media\/2140"}],"wp:attachment":[{"href":"https:\/\/dtayseerken.com\/de\/wp-json\/wp\/v2\/media?parent=2380"}],"curies":[{"name":"wp","href":"https:\/\/api.w.org\/{rel}","templated":true}]}}