{"id":2398,"date":"2025-03-28T18:48:21","date_gmt":"2025-03-28T15:48:21","guid":{"rendered":"https:\/\/dtayseerken.com\/khorshudov-kamranbey-jalalovic\/"},"modified":"2025-04-07T23:31:56","modified_gmt":"2025-04-07T20:31:56","slug":"khorshudov-kamranbey-jalalovic","status":"publish","type":"page","link":"https:\/\/dtayseerken.com\/de\/khorshudov-kamranbey-jalalovic\/","title":{"rendered":"Khorshudov Kamranbey Jalalovi\u00e7"},"content":{"rendered":"\n\n\t<section class=\"section\" id=\"section_647620185\">\n\t\t<div class=\"section-bg fill\" >\n\t\t\t\t\t\t\t\t\t\n\t\t\t\n\n\t\t<\/div>\n\n\t\t\n\n\t\t<div class=\"section-content relative\">\n\t\t\t\n\n<div class=\"row row-collapse row-divided\"  id=\"row-112266141\">\n\n\n\t<div id=\"col-859608408\" class=\"col medium-8 small-12 large-8\"  >\n\t\t\t\t<div class=\"col-inner\"  >\n\t\t\t\n\t\t\t\n\n<h1>Khorshudov Kamranbey Jalalovich \u2013 Zahnarzt<\/h1>\n<p>Ich wurde am 1. Februar 1998 in Schymkent, Kasachstan geboren.<\/p>\n<p>Ich habe meine Grund- und Sekundarschulausbildung an der f\u00fcr Muhammed H.D. gegr\u00fcndeten Nr. 8 Gymnasium abgeschlossen.<\/p>\n<p>Ich habe zwischen 2016 und 2021 Zahnmedizin an der Khoja Ahmet Yesevi International Kazakh-Turkish University (Turkestan) studiert.<\/p>\n<p>Ich habe meine Praktikumsausbildung 2021\u20132022 an der Internationalen kasachisch-t\u00fcrkischen Khoja Ahmet Yesevi-Universit\u00e4t in Schymkent abgeschlossen.<\/p>\n<h2>Berufserfahrung<\/h2>\n<p>2021-2024 \u2013 Ich habe als Zahnarzt an der Evrika-Med-Zahnklinik in Schymkent gearbeitet.<\/p>\n<p>Ab 2024 arbeite ich als Zahnarzt in der Ay\u015fe Erken Di\u015f Klinik in Alanya, T\u00fcrkei.<\/p>\n<h2>Berufliche Entwicklung und Zertifizierungen<\/h2>\n<ol start=\"18\">\n<li>Oktober 2023 \u2013 Ich habe die professionelle Endodontie-Schulung beim Expertentrainer Artak Antanya in Taschkent, Usbekistan, abgeschlossen.<\/li>\n<li>Januar 2024 \u2013 Ich habe erfolgreich eine zweit\u00e4gige professionelle Schulung zur Restauration von Front- und Kauz\u00e4hnen abgeschlossen, die vom erfahrenen Trainer Jold\u0131gali Maksat in Schymkent, Kasachstan, durchgef\u00fchrt wurde.<\/li>\n<\/ol>\n\n\t\t<\/div>\n\t\t\t\t\t<\/div>\n\n\t\n\n\t<div id=\"col-1507051461\" class=\"col medium-4 small-12 large-4 medium-col-first\"  >\n\t\t<div class=\"is-sticky-column\"><div class=\"is-sticky-column__inner\">\t\t<div class=\"col-inner\"  >\n\t\t\t\n\t\t\t\n\n\t<div class=\"img has-hover x md-x lg-x y md-y lg-y\" id=\"image_1401153646\">\n\t\t\t\t\t\t\t\t<div class=\"img-inner dark\" >\n\t\t\t<img loading=\"lazy\" decoding=\"async\" width=\"600\" height=\"750\" src=\"https:\/\/dtayseerken.com\/wp-content\/uploads\/2025\/01\/DT.-Kamranbey-Khorshudov-Ayse-Erken.webp\" class=\"attachment-original size-original\" alt=\"\" srcset=\"https:\/\/dtayseerken.com\/wp-content\/uploads\/2025\/01\/DT.-Kamranbey-Khorshudov-Ayse-Erken.webp 600w, https:\/\/dtayseerken.com\/wp-content\/uploads\/2025\/01\/DT.-Kamranbey-Khorshudov-Ayse-Erken-240x300.webp 240w\" sizes=\"auto, (max-width: 600px) 100vw, 600px\" title=\"\">\t\t\t\t\t\t\n\t\t\t\t\t<\/div>\n\t\t\t\t\t\t\t\t\n<style>\n#image_1401153646 {\n  width: 100%;\n}\n<\/style>\n\t<\/div>\n\t\n\n\n\t\t<\/div>\n\t\t<\/div><\/div>\t\t\t<\/div>\n\n\t\n\n<\/div>\n\n\t\t<\/div>\n\n\t\t\n<style>\n#section_647620185 {\n  padding-top: 20px;\n  padding-bottom: 20px;\n}\n<\/style>\n\t<\/section>\n\t\n\n","protected":false},"excerpt":{"rendered":"","protected":false},"author":3,"featured_media":2152,"parent":0,"menu_order":0,"comment_status":"closed","ping_status":"closed","template":"page-blank.php","meta":{"_joinchat":[],"footnotes":""},"class_list":["post-2398","page","type-page","status-publish","has-post-thumbnail","hentry"],"_links":{"self":[{"href":"https:\/\/dtayseerken.com\/de\/wp-json\/wp\/v2\/pages\/2398","targetHints":{"allow":["GET"]}}],"collection":[{"href":"https:\/\/dtayseerken.com\/de\/wp-json\/wp\/v2\/pages"}],"about":[{"href":"https:\/\/dtayseerken.com\/de\/wp-json\/wp\/v2\/types\/page"}],"author":[{"embeddable":true,"href":"https:\/\/dtayseerken.com\/de\/wp-json\/wp\/v2\/users\/3"}],"replies":[{"embeddable":true,"href":"https:\/\/dtayseerken.com\/de\/wp-json\/wp\/v2\/comments?post=2398"}],"version-history":[{"count":2,"href":"https:\/\/dtayseerken.com\/de\/wp-json\/wp\/v2\/pages\/2398\/revisions"}],"predecessor-version":[{"id":3867,"href":"https:\/\/dtayseerken.com\/de\/wp-json\/wp\/v2\/pages\/2398\/revisions\/3867"}],"wp:featuredmedia":[{"embeddable":true,"href":"https:\/\/dtayseerken.com\/de\/wp-json\/wp\/v2\/media\/2152"}],"wp:attachment":[{"href":"https:\/\/dtayseerken.com\/de\/wp-json\/wp\/v2\/media?parent=2398"}],"curies":[{"name":"wp","href":"https:\/\/api.w.org\/{rel}","templated":true}]}}