{"id":2407,"date":"2025-03-28T18:50:58","date_gmt":"2025-03-28T15:50:58","guid":{"rendered":"https:\/\/dtayseerken.com\/olgu-alperat-kilic\/"},"modified":"2025-03-29T22:01:22","modified_gmt":"2025-03-29T19:01:22","slug":"olgu-alperat-kilic","status":"publish","type":"page","link":"https:\/\/dtayseerken.com\/de\/olgu-alperat-kilic\/","title":{"rendered":"Olgu Alperat K\u0131l\u0131\u00e7"},"content":{"rendered":"\n\n\t<section class=\"section\" id=\"section_1510735621\">\n\t\t<div class=\"section-bg fill\" >\n\t\t\t\t\t\t\t\t\t\n\t\t\t\n\n\t\t<\/div>\n\n\t\t\n\n\t\t<div class=\"section-content relative\">\n\t\t\t\n\n<div class=\"row row-collapse row-divided\"  id=\"row-1134746237\">\n\n\n\t<div id=\"col-673083245\" class=\"col medium-8 small-12 large-8\"  >\n\t\t\t\t<div class=\"col-inner\"  >\n\t\t\t\n\t\t\t\n\n<h1>Olgu Alperat KILI\u00c7<\/h1>\n<p>Sie ist im Jahre 1985 geboren.<\/p>\n<p>Sie studierte Zahnmedizin in den Jahren 2003 bis 2009 an der Fakult\u00e4t f\u00fcr Zahnmedizin der Marmara-Universit\u00e4t.<\/p>\n<p>Ihre Weiterbildung im Bereich Parodontologie absolvierte sie zwischen 2012 und 2016 an der Izzet Baysal Universit\u00e4t.<\/p>\n<h2>Dissertationsthema und Betreuer:<\/h2>\n<p>Nanoans\u00e4tze in der Regeneration experimenteller parodontaler intraoss\u00e4rer Defekte: R\u00f6ntgenmikrotomographie, histologische und histomorphometrische Untersuchung.<\/p>\n<p>Betreuer der Dissertation: Prof. Dr. \u0130smet DURAN<\/p>\n<h2>In international begutachteten Fachzeitschriften ver\u00f6ffentlichte Artikel:<\/h2>\n<ul>\n<li>A Pilot Investigation into the Effect of Ammonium Chloride and Sodium Bicarbonate on Enamel Hardness in Wistar Rats. An In Vivo Study<\/li>\n<li>Evaluation of the Effect of Topical Hypericum perforatum Oil on Excisional Palatal Wound Healing in Rabbits&gt;<\/li>\n<\/ul>\n<h2>Auf internationalen wissenschaftlichen Tagungen pr\u00e4sentierte Beitr\u00e4ge:<\/h2>\n<ul>\n<li>S. COSKUNER, O. ALPERAT KILI\u00c7*, T.D. OZTURK, I. DURAN, &#8222;47th Meeting of the Continental European Division of the International Association for Dental Research (CED-IADR) co-hosted by the Scandinavian (NOF)&#8220; konferans\u0131 dahilinde &#8222;47th Meeting of the Continental European Division of the International Association for Dental Research (CED-IADR) co-hosted by the Scandinavian (NOF) Programme&#8220; bildiri kitap\u00e7\u0131\u011f\u0131ndaki &#8222;Dimensional Changes in Free Gingival Grafts with Low Level Laser Therapy: A Preliminary Study&#8220;, 63 pp., Antalya, T\u00fcrkiye, Ekim 2015<\/li>\n<li>S. COSKUNER, O. ALPERAT KILI\u00c7, T.D. OZTURK, I. DURAN, &#8222;47th Meeting of the Continental European Division of the International Association for Dental Research (CED-IADR) co-hosted by the Scandinavian (NOF)&#8220; konferans\u0131 dahilinde &#8222;47th Meeting of the Continental European Division of the International Association for Dental Research (CED-IADR) co-hosted by the Scandinavian (NOF) Programme&#8220; bildiri kitap\u00e7\u0131\u011f\u0131ndaki &#8222;Wound-Healing effect of Hypericum Perforatum Oinment in Periodontal Surgical Wound in Rabbits&#8220;, 88 pp., Antalya, T\u00fcrkiye, Ekim 2015<\/li>\n<li>S. COSKUNER, O. ALPERAT KILI\u00c7, M.C SENGUN, I. DURAN, &#8222;47th Meeting of the Continental European Division of the International Association for Dental Research (CED-IADR) co-hosted by the Scandinavian (NOF)&#8220; konferans\u0131 dahilinde &#8222;47th Meeting of the Continental European Division of the International Association for Dental Research (CED-IADR) co-hosted by the Scandinavian (NOF) Programme&#8220; bildiri kitap\u00e7\u0131\u011f\u0131ndaki &#8222;Adjunctive Usage of Low Level Laser Therapy For Necrotizing Ulcerative Gingivitis&#8220;, 99 pp., Antalya, T\u00fcrkiye, Ekim 2015<\/li>\n<li>T.D. OZTURK, O. KILIC, S. COSKUNER, I. DURAN, &#8222;47th Meeting of the Continental European Division of the International Association for Dental Research (CED-IADR) co-hosted by the Scandinavian (NOF)&#8220; konferans\u0131 dahilinde &#8222;47th Meeting of the Continental European Division of the International Association for Dental Research (CED-IADR) co-hosted by the Scandinavian (NOF) Programme&#8220; bildiri kitap\u00e7\u0131\u011f\u0131ndaki &#8222;Effects of Energy Drinks on Soft Tissue Wound Healing in Diabetic Rats&#8220;, 54 pp., Antalya, T\u00fcrkiye, Ekim 2015<\/li>\n<\/ul>\n<h2>Auf internationalen wissenschaftlichen Tagungen pr\u00e4sentierte und im Tagungsband ver\u00f6ffentlichte Beitr\u00e4ge:<\/h2>\n<ul>\n<li>O. K\u0131l\u0131\u00e7, \u015e. Co\u015fkuner, \u0130. Duran, \u201eLign\u00f6se Parodontitis ohne Bindehautl\u00e4sionen: Fallbericht\u201c im Tagungsband des 44. Wissenschaftlichen Kongresses der T\u00fcrkischen Gesellschaft f\u00fcr Parodontologie \u201eProgramm- und Abstract-Buch des 44. Wissenschaftlichen Kongresses der T\u00fcrkischen Gesellschaft f\u00fcr Parodontologie\u201c, 141 Seiten, Istanbul, T\u00fcrkei, Mai 2014<\/li>\n<\/ul>\n<h2>Besuchte nationale und internationale Kongresse\/Kurse<\/h2>\n<table width=\"660\">\n<thead>\n<tr>\n<td>\n<p><strong>Kongress\/Kurs<\/strong><\/p>\n<\/td>\n<td>\n<p><strong>Datum<\/strong><\/p>\n<\/td>\n<td>\n<p><strong>Ort<\/strong><\/p>\n<\/td>\n<\/tr>\n<\/thead>\n<tbody>\n<tr>\n<td>\n<p>5. Internationaler wissenschaftlicher Kongress und Ausstellung der Zahn\u00e4rztekammern der \u00c4g\u00e4isregion<\/p>\n<\/td>\n<td>\n<p>April 2006<\/p>\n<\/td>\n<td>\n<p>T\u00fcrkei<\/p>\n<\/td>\n<\/tr>\n<tr>\n<td>\n<p>5. Nationales Symposium der Akademie f\u00fcr \u00e4sthetische Zahnheilkunde in Antalya<\/p>\n<\/td>\n<td>\n<p>Februar 2009<\/p>\n<\/td>\n<td>\n<p>Antalya,\u00a0 T\u00fcrkei<\/p>\n<\/td>\n<\/tr>\n<tr>\n<td>\n<p>2.Konya Osseder Symposium<\/p>\n<\/td>\n<td>\n<p>M\u00e4rz 2009<\/p>\n<\/td>\n<td>\n<p>Konya,\u00a0 T\u00fcrkei<\/p>\n<\/td>\n<\/tr>\n<tr>\n<td>\n<p>Ausbildung und Zertifizierung zum Ausbilder f\u00fcr Zahn\u00e4rzte<\/p>\n<\/td>\n<td>\n<p>April 2009<\/p>\n<\/td>\n<td>\n<p>T\u00fcrkei<\/p>\n<\/td>\n<\/tr>\n<tr>\n<td>\n<p>ICOI \u00a0Europ\u00e4isches Symposium<\/p>\n<\/td>\n<td>\n<p>4 April 2010<\/p>\n<\/td>\n<td>\n<p>&#8211;<\/p>\n<\/td>\n<\/tr>\n<tr>\n<td>\n<p>Deka Laser-Zahnmedizin-Ausbildung<\/p>\n<\/td>\n<td>\n<p>November 2009<\/p>\n<\/td>\n<td>\n<p>T\u00fcrkei<\/p>\n<\/td>\n<\/tr>\n<tr>\n<td>\n<p>EDAD V. \u00a0Nationales Antalya-Symposium<\/p>\n<\/td>\n<td>\n<p>Februar 2010<\/p>\n<\/td>\n<td>\n<p>Antalya,\u00a0 T\u00fcrkei<\/p>\n<\/td>\n<\/tr>\n<tr>\n<td>\n<p>Ausbildung und Zertifizierung zum Ausbilder f\u00fcr Zahn\u00e4rzte<\/p>\n<\/td>\n<td>\n<p>April 2010<\/p>\n<\/td>\n<td>\n<p>T\u00fcrkei<\/p>\n<\/td>\n<\/tr>\n<tr>\n<td>\n<p>EDAD II. Nationales \u0130zmir Symposium<\/p>\n<\/td>\n<td>\n<p>Mai 2010<\/p>\n<\/td>\n<td>\n<p>\u0130zmir,\u00a0 T\u00fcrkei<\/p>\n<\/td>\n<\/tr>\n<tr>\n<td>\n<p>Lykia Sent Grundlagenseminar Implantologie<\/p>\n<\/td>\n<td>\n<p>Oktober 2010<\/p>\n<\/td>\n<td>\n<p>&#8211;<\/p>\n<\/td>\n<\/tr>\n<tr>\n<td>\n<p>FDI 2013 Istanbul 101st Annual World Dental Congress<\/p>\n<\/td>\n<td>\n<p>August 2013<\/p>\n<\/td>\n<td>\n<p>\u0130stanbul,\u00a0 T\u00fcrkei<\/p>\n<\/td>\n<\/tr>\n<tr>\n<td>\n<p>Dental \u0130stanbul 2013 \u00a0Zahn\u00e4rzte- und Zahntechnikerkongress<\/p>\n<\/td>\n<td>\n<p>Dezemeber 2013<\/p>\n<\/td>\n<td>\n<p>\u0130stanbul,\u00a0 T\u00fcrkei<\/p>\n<\/td>\n<\/tr>\n<tr>\n<td>\n<p>Zertifikat f\u00fcr die Verwendung von Versuchstieren<\/p>\n<\/td>\n<td>\n<p>Oktober 2014<\/p>\n<\/td>\n<td>\n<p>T\u00fcrkei<\/p>\n<\/td>\n<\/tr>\n<tr>\n<td>\n<p>16. \u00a0Symposium zur Patienten- und Personalsicherheit<\/p>\n<\/td>\n<td>\n<p>Oktober 2014<\/p>\n<\/td>\n<td>\n<p>T\u00fcrkei<\/p>\n<\/td>\n<\/tr>\n<\/tbody>\n<\/table>\n<p>\u00a0<\/p>\n\n\t\t<\/div>\n\t\t\t\t\t<\/div>\n\n\t\n\n\t<div id=\"col-992665183\" class=\"col medium-4 small-12 large-4 medium-col-first\"  >\n\t\t<div class=\"is-sticky-column\"><div class=\"is-sticky-column__inner\">\t\t<div class=\"col-inner\"  >\n\t\t\t\n\t\t\t\n\n\t<div class=\"img has-hover x md-x lg-x y md-y lg-y\" id=\"image_2140429349\">\n\t\t\t\t\t\t\t\t<div class=\"img-inner dark\" >\n\t\t\t<img loading=\"lazy\" decoding=\"async\" width=\"600\" height=\"750\" src=\"https:\/\/dtayseerken.com\/wp-content\/uploads\/2025\/01\/Periodontoloji-Uzmani-Uzm.Dt_.-Olgu-Alperat-Kilic-Dt-Ayse-Erken.webp\" class=\"attachment-original size-original\" alt=\"\" srcset=\"https:\/\/dtayseerken.com\/wp-content\/uploads\/2025\/01\/Periodontoloji-Uzmani-Uzm.Dt_.-Olgu-Alperat-Kilic-Dt-Ayse-Erken.webp 600w, https:\/\/dtayseerken.com\/wp-content\/uploads\/2025\/01\/Periodontoloji-Uzmani-Uzm.Dt_.-Olgu-Alperat-Kilic-Dt-Ayse-Erken-240x300.webp 240w\" sizes=\"auto, (max-width: 600px) 100vw, 600px\" title=\"\">\t\t\t\t\t\t\n\t\t\t\t\t<\/div>\n\t\t\t\t\t\t\t\t\n<style>\n#image_2140429349 {\n  width: 100%;\n}\n<\/style>\n\t<\/div>\n\t\n\n\n\t\t<\/div>\n\t\t<\/div><\/div>\t\t\t<\/div>\n\n\t\n\n<\/div>\n\n\t\t<\/div>\n\n\t\t\n<style>\n#section_1510735621 {\n  padding-top: 20px;\n  padding-bottom: 20px;\n}\n<\/style>\n\t<\/section>\n\t\n\n","protected":false},"excerpt":{"rendered":"","protected":false},"author":3,"featured_media":2146,"parent":0,"menu_order":0,"comment_status":"closed","ping_status":"closed","template":"page-blank.php","meta":{"_joinchat":[],"footnotes":""},"class_list":["post-2407","page","type-page","status-publish","has-post-thumbnail","hentry"],"_links":{"self":[{"href":"https:\/\/dtayseerken.com\/de\/wp-json\/wp\/v2\/pages\/2407","targetHints":{"allow":["GET"]}}],"collection":[{"href":"https:\/\/dtayseerken.com\/de\/wp-json\/wp\/v2\/pages"}],"about":[{"href":"https:\/\/dtayseerken.com\/de\/wp-json\/wp\/v2\/types\/page"}],"author":[{"embeddable":true,"href":"https:\/\/dtayseerken.com\/de\/wp-json\/wp\/v2\/users\/3"}],"replies":[{"embeddable":true,"href":"https:\/\/dtayseerken.com\/de\/wp-json\/wp\/v2\/comments?post=2407"}],"version-history":[{"count":2,"href":"https:\/\/dtayseerken.com\/de\/wp-json\/wp\/v2\/pages\/2407\/revisions"}],"predecessor-version":[{"id":2413,"href":"https:\/\/dtayseerken.com\/de\/wp-json\/wp\/v2\/pages\/2407\/revisions\/2413"}],"wp:featuredmedia":[{"embeddable":true,"href":"https:\/\/dtayseerken.com\/de\/wp-json\/wp\/v2\/media\/2146"}],"wp:attachment":[{"href":"https:\/\/dtayseerken.com\/de\/wp-json\/wp\/v2\/media?parent=2407"}],"curies":[{"name":"wp","href":"https:\/\/api.w.org\/{rel}","templated":true}]}}