{"id":2376,"date":"2025-03-28T18:33:44","date_gmt":"2025-03-28T15:33:44","guid":{"rendered":"https:\/\/dtayseerken.com\/ayse-erken\/"},"modified":"2025-03-29T21:32:35","modified_gmt":"2025-03-29T18:32:35","slug":"ayse-erken","status":"publish","type":"page","link":"https:\/\/dtayseerken.com\/en\/ayse-erken\/","title":{"rendered":"Ay\u015fe Erken"},"content":{"rendered":"\n\n\t<section class=\"section\" id=\"section_1919267596\">\n\t\t<div class=\"section-bg fill\" >\n\t\t\t\t\t\t\t\t\t\n\t\t\t\n\n\t\t<\/div>\n\n\t\t\n\n\t\t<div class=\"section-content relative\">\n\t\t\t\n\n<div class=\"row row-collapse row-divided\"  id=\"row-267860128\">\n\n\n\t<div id=\"col-2140271161\" class=\"col medium-8 small-12 large-8\"  >\n\t\t\t\t<div class=\"col-inner\"  >\n\t\t\t\n\t\t\t\n\n<h1>Dentist Ay\u015fe ERKEN<\/h1>\n<h2>Biography<\/h2>\n<p>Dt. Ay\u015fe Erken was born in \u0130zmir in 1977 and her hometown is E\u015fme\/ U\u015fak. She graduated from Vehbi Din\u00e7erler Science High School Gaziantep in 1993 and from Dentiatry Faculty, Sel\u00e7uk University ,Konya (Salutatorion) in 1999. She worked in a private clinic for a while. She started her first clinic in 2009 and then in 2018 started Private Ay\u015fe Erken Dentistry Clinic. One of the career aims is to improve herself professionally and imply the newest method and technology. The other is to serve a better customer experience with the power of colleagues in Ay\u015fe Erken Dentist Clinic.<\/p>\n<h2>Certificate \/ Sympos\u0131um<\/h2>\n<p>On 1-3 December 2006 ; 6. Aegean Region Chambers of Dentists International Scientific Congres and Exhibition<\/p>\n<p>On 14-16 June 2007 ; TDB \u0130stanbul Congresa Participation Certificate<\/p>\n<p>On 16-18 November 2007; Aegean Region Chambers of Dentista International Scientific Congress and Exhibition<\/p>\n<p>On 17-18 January 2009; Dr. Genald Niznick Dental Implant Education Institute<\/p>\n<p>On 26-27 November 2011 ; \u201cBasic Implantology\u201d 1st The Level Course \u201cBasic Implantology\u201d 1. The Level Course Basic Implantology 2nd Level Course (Basic Implantology 2.The Level Course)<\/p>\n<p>On 31 May \u2013 2 June 2012 ;TDB 19th International Dentistry Congresa<\/p>\n<p>On 26 November 2014 ; Patient Rights Unit Officers Theoretical and Practical Training<\/p>\n<p>On 1-3 May 2016 ; \u0130ZDO International Spring Symposium<\/p>\n<p>On 11 December 2015; Clinical Periodontal Treatment<\/p>\n<p>On 19-21 May 2016; TDA 22nd \u0130nternational Dental Congress<\/p>\n<p>On 6-7 October 2018; Prof. Dr. Erhan \u00c7\u00f6mleko\u011flu \u201cImplant Prosthesis\u201d Course<\/p>\n<p>On 15-16 December 2018; Porcelain Laminate Veneer Training<\/p>\n<p>On 19-22 December; ICOI Meffert Implant Instute<\/p>\n<p>On 15-16 March 2019; Regulation of Occlusion in Vertical Dimension Raising Applications, Temporamandibular Diseases and Occlusal Splint Application<\/p>\n<p>On 4-7 September; TDA 25th International Dental Congress<\/p>\n<p>\u00a0<\/p>\n<p>On 18-20 October 2019; 1st International Dentistry Summit<\/p>\n<p>On 20 October 2019; Current Digital Technologies for a Fast and Safe Solution for Aesthetic Zone Implant Applications<\/p>\n<p>On November 9 2019 ;\u00a0 Abutment and Attachment Selection in Implant Supported Restorations, Immediate Prosthetic Installation Protocols Seminar<\/p>\n<p>On 14 December 2019; Press-Fit and Coid-Well Systems Clinical and Prosthetic Application Procedures and Advantages<\/p>\n<p>On February 28-29, 2020; Porcelain and Composite Laminate Veneers in Smile Design<\/p>\n<p>On 19-20 June; Composite Restorations Training<\/p>\n<p>On 29 August 2021 ; Basic and Advanced Implantology Surgery Seminar<\/p>\n<p>On 1-2 October 2022 ; All On 4<\/p>\n\n\t\t<\/div>\n\t\t\t\t\t<\/div>\n\n\t\n\n\t<div id=\"col-1822739290\" class=\"col medium-4 small-12 large-4 medium-col-first\"  >\n\t\t<div class=\"is-sticky-column\"><div class=\"is-sticky-column__inner\">\t\t<div class=\"col-inner\"  >\n\t\t\t\n\t\t\t\n\n\t<div class=\"img has-hover x md-x lg-x y md-y lg-y\" id=\"image_79794245\">\n\t\t\t\t\t\t\t\t<div class=\"img-inner dark\" >\n\t\t\t<img loading=\"lazy\" decoding=\"async\" width=\"600\" height=\"750\" src=\"https:\/\/dtayseerken.com\/wp-content\/uploads\/2025\/01\/DT-AYSE-ERKEN-DT-Ayse-Erken.webp\" class=\"attachment-original size-original\" alt=\"\" srcset=\"https:\/\/dtayseerken.com\/wp-content\/uploads\/2025\/01\/DT-AYSE-ERKEN-DT-Ayse-Erken.webp 600w, https:\/\/dtayseerken.com\/wp-content\/uploads\/2025\/01\/DT-AYSE-ERKEN-DT-Ayse-Erken-240x300.webp 240w\" sizes=\"auto, (max-width: 600px) 100vw, 600px\" title=\"\">\t\t\t\t\t\t\n\t\t\t\t\t<\/div>\n\t\t\t\t\t\t\t\t\n<style>\n#image_79794245 {\n  width: 100%;\n}\n<\/style>\n\t<\/div>\n\t\n\n\n\t\t<\/div>\n\t\t<\/div><\/div>\t\t\t<\/div>\n\n\t\n\n<\/div>\n\n\t\t<\/div>\n\n\t\t\n<style>\n#section_1919267596 {\n  padding-top: 20px;\n  padding-bottom: 20px;\n}\n<\/style>\n\t<\/section>\n\t\n\n","protected":false},"excerpt":{"rendered":"","protected":false},"author":3,"featured_media":2139,"parent":0,"menu_order":0,"comment_status":"closed","ping_status":"closed","template":"page-blank.php","meta":{"_joinchat":[],"footnotes":""},"class_list":["post-2376","page","type-page","status-publish","has-post-thumbnail","hentry"],"_links":{"self":[{"href":"https:\/\/dtayseerken.com\/en\/wp-json\/wp\/v2\/pages\/2376","targetHints":{"allow":["GET"]}}],"collection":[{"href":"https:\/\/dtayseerken.com\/en\/wp-json\/wp\/v2\/pages"}],"about":[{"href":"https:\/\/dtayseerken.com\/en\/wp-json\/wp\/v2\/types\/page"}],"author":[{"embeddable":true,"href":"https:\/\/dtayseerken.com\/en\/wp-json\/wp\/v2\/users\/3"}],"replies":[{"embeddable":true,"href":"https:\/\/dtayseerken.com\/en\/wp-json\/wp\/v2\/comments?post=2376"}],"version-history":[{"count":2,"href":"https:\/\/dtayseerken.com\/en\/wp-json\/wp\/v2\/pages\/2376\/revisions"}],"predecessor-version":[{"id":2378,"href":"https:\/\/dtayseerken.com\/en\/wp-json\/wp\/v2\/pages\/2376\/revisions\/2378"}],"wp:featuredmedia":[{"embeddable":true,"href":"https:\/\/dtayseerken.com\/en\/wp-json\/wp\/v2\/media\/2139"}],"wp:attachment":[{"href":"https:\/\/dtayseerken.com\/en\/wp-json\/wp\/v2\/media?parent=2376"}],"curies":[{"name":"wp","href":"https:\/\/api.w.org\/{rel}","templated":true}]}}