{"id":2406,"date":"2025-03-28T18:50:58","date_gmt":"2025-03-28T15:50:58","guid":{"rendered":"https:\/\/dtayseerken.com\/olgu-alperat-kilic\/"},"modified":"2025-03-29T21:57:09","modified_gmt":"2025-03-29T18:57:09","slug":"olgu-alperat-kilic","status":"publish","type":"page","link":"https:\/\/dtayseerken.com\/en\/olgu-alperat-kilic\/","title":{"rendered":"Olgu Alperat K\u0131l\u0131\u00e7"},"content":{"rendered":"\n\n\t<section class=\"section\" id=\"section_1739183991\">\n\t\t<div class=\"section-bg fill\" >\n\t\t\t\t\t\t\t\t\t\n\t\t\t\n\n\t\t<\/div>\n\n\t\t\n\n\t\t<div class=\"section-content relative\">\n\t\t\t\n\n<div class=\"row row-collapse row-divided\"  id=\"row-96772110\">\n\n\n\t<div id=\"col-2106404424\" class=\"col medium-8 small-12 large-8\"  >\n\t\t\t\t<div class=\"col-inner\"  >\n\t\t\t\n\t\t\t\n\n<h1>Olgu Alperat K\u0131l\u0131\u00e7<\/h1>\n<p>Born in 1985.<\/p>\n<p>Completed undergraduate education at Marmara University Faculty of Dentistry between 2003-2009.<\/p>\n<p>Completed specialization in Periodontology at \u0130zzet Baysal University between 2012-2016.<\/p>\n<h2>Specialization Thesis and Supervisor:<\/h2>\n<p>Nano Approaches in the Regeneration of Experimental Periodontal Intraosseous Defects: X-ray Microtomographic, Histological and Histomorphometric Examination<\/p>\n<p>Supervisor: Prof. Dr. \u0130smet DURAN<\/p>\n<h2>Articles Published in International Refereed Journals:<\/h2>\n<ul>\n<li>A Pilot Investigation into the Effect of Ammonium Chloride and Sodium Bicarbonate on Enamel Hardness in Wistar Rats. An In Vivo Study<\/li>\n<li>Evaluation of the Effect of Topical Hypericum perforatum Oil on Excisional Palatal Wound Healing in Rabbits&gt;<\/li>\n<\/ul>\n<ul>\n<li>Papers Presented at International Scientific Meetings:<\/li>\n<\/ul>\n<ol>\n<li>COSKUNER, O. ALPERAT KILI\u00c7*, T.D. OZTURK, I. DURAN, &#8220;47th Meeting of the Continental European Division of the International Association for Dental Research (CED-IADR) co-hosted by the Scandinavian (NOF)&#8221; konferans\u0131 dahilinde &#8220;47th Meeting of the Continental European Division of the International Association for Dental Research (CED-IADR) co-hosted by the Scandinavian (NOF) Programme&#8221; bildiri kitap\u00e7\u0131\u011f\u0131ndaki &#8220;Dimensional Changes in Free Gingival Grafts with Low Level Laser Therapy: A Preliminary Study&#8221;, 63 pp., Antalya, T\u00fcrkiye, Ekim 2015<\/li>\n<\/ol>\n<ul>\n<li>S. COSKUNER, O. ALPERAT KILI\u00c7, T.D. OZTURK, I. DURAN, &#8220;47th Meeting of the Continental European Division of the International Association for Dental Research (CED-IADR) co-hosted by the Scandinavian (NOF)&#8221; konferans\u0131 dahilinde &#8220;47th Meeting of the Continental European Division of the International Association for Dental Research (CED-IADR) co-hosted by the Scandinavian (NOF) Programme&#8221; bildiri kitap\u00e7\u0131\u011f\u0131ndaki &#8220;Wound-Healing effect of Hypericum Perforatum Oinment in Periodontal Surgical Wound in Rabbits&#8221;, 88 pp., Antalya, T\u00fcrkiye, Ekim 2015<\/li>\n<li>S. COSKUNER, O. ALPERAT KILI\u00c7, M.C SENGUN, I. DURAN, &#8220;47th Meeting of the Continental European Division of the International Association for Dental Research (CED-IADR) co-hosted by the Scandinavian (NOF)&#8221; konferans\u0131 dahilinde &#8220;47th Meeting of the Continental European Division of the International Association for Dental Research (CED-IADR) co-hosted by the Scandinavian (NOF) Programme&#8221; bildiri kitap\u00e7\u0131\u011f\u0131ndaki &#8220;Adjunctive Usage of Low Level Laser Therapy For Necrotizing Ulcerative Gingivitis&#8221;, 99 pp., Antalya, T\u00fcrkiye, Ekim 2015<\/li>\n<li>T.D. OZTURK, O. KILIC, S. COSKUNER, I. DURAN, &#8220;47th Meeting of the Continental European Division of the International Association for Dental Research (CED-IADR) co-hosted by the Scandinavian (NOF)&#8221; konferans\u0131 dahilinde &#8220;47th Meeting of the Continental European Division of the International Association for Dental Research (CED-IADR) co-hosted by the Scandinavian (NOF) Programme&#8221; bildiri kitap\u00e7\u0131\u011f\u0131ndaki &#8220;Effects of Energy Drinks on Soft Tissue Wound Healing in Diabetic Rats&#8221;, 54 pp., Antalya, T\u00fcrkiye, Ekim 2015<\/li>\n<li>Papers Presented at International Scientific Meetings and Published in Proceedings Book 44. K\u0131l\u0131\u00e7, \u015e. Co\u015fkuner, \u0130. Duran, T\u00fcrk Periodontoloji Derne\u011fi 44. Bilimsel Kongresi dahilinde &#8220;T\u00fcrk Periodontoloji Derne\u011fi 44. Bilimsel Kongresi Program ve Bildiri \u00d6zetleri Kitab\u0131&#8221; bildiri kitap\u00e7\u0131\u011f\u0131ndaki &#8220;Konjonktival Lezyonlar Olmaks\u0131z\u0131n Lign\u00f6z Periodontitis: Vaka Sunumu&#8221;, 141 pp., \u0130stanbul, T\u00fcrkiye, May\u0131s 2014<\/li>\n<\/ul>\n<h2>National and International Congresses\/Courses Attended<\/h2>\n<table width=\"792\">\n<tbody>\n<tr>\n<td width=\"432\">\n<p>Congress\/Course<\/p>\n<\/td>\n<td width=\"132\">\n<p>Date<\/p>\n<\/td>\n<td width=\"227\">\n<p>Location<\/p>\n<\/td>\n<\/tr>\n<tr>\n<td width=\"432\">\n<p>5th Aegean Region Chambers of Dentists International Scientific Congress and Exhibition<\/p>\n<\/td>\n<td width=\"132\">\n<p>April 2006<\/p>\n<\/td>\n<td width=\"227\">\n<p>T\u00fcrkiye<\/p>\n<\/td>\n<\/tr>\n<tr>\n<td width=\"432\">\n<p>5th National Antalya Symposium of the Aesthetic Dentistry Academy Association<\/p>\n<\/td>\n<td width=\"132\">\n<p>February 2009<\/p>\n<\/td>\n<td width=\"227\">\n<p>Antalya, T\u00fcrkiye<\/p>\n<\/td>\n<\/tr>\n<tr>\n<td width=\"432\">\n<p>2nd Konya Osseder Symposium<\/p>\n<\/td>\n<td width=\"132\">\n<p>March 2009<\/p>\n<\/td>\n<td width=\"227\">\n<p>Konya, T\u00fcrkiye<\/p>\n<\/td>\n<\/tr>\n<tr>\n<td width=\"432\">\n<p>Trainer Dentist Training and Certification<\/p>\n<\/td>\n<td width=\"132\">\n<p>April 2009<\/p>\n<\/td>\n<td width=\"227\">\n<p>T\u00fcrkiye<\/p>\n<\/td>\n<\/tr>\n<tr>\n<td width=\"432\">\n<p>ICOI European Symposium<\/p>\n<\/td>\n<td width=\"132\">\n<p>April 4, 2010<\/p>\n<\/td>\n<td width=\"227\">\n<p>&#8211;<\/p>\n<\/td>\n<\/tr>\n<tr>\n<td width=\"432\">\n<p>Deka Laser Dentistry Training<\/p>\n<\/td>\n<td width=\"132\">\n<p>November 2009<\/p>\n<\/td>\n<td width=\"227\">\n<p>T\u00fcrkiye<\/p>\n<\/td>\n<\/tr>\n<tr>\n<td width=\"432\">\n<p>EDAD 5th National Antalya Symposium<\/p>\n<\/td>\n<td width=\"132\">\n<p>February 2010<\/p>\n<\/td>\n<td width=\"227\">\n<p>Antalya, T\u00fcrkiye<\/p>\n<\/td>\n<\/tr>\n<tr>\n<td width=\"432\">\n<p>Trainer Dentist Training<\/p>\n<\/td>\n<td width=\"132\">\n<p>April 2010<\/p>\n<\/td>\n<td width=\"227\">\n<p>T\u00fcrkiye<\/p>\n<\/td>\n<\/tr>\n<tr>\n<td width=\"432\">\n<p>EDAD 2nd National \u0130zmir Symposium<\/p>\n<\/td>\n<td width=\"132\">\n<p>May 2010<\/p>\n<\/td>\n<td width=\"227\">\n<p>\u0130zmir, T\u00fcrkiye<\/p>\n<\/td>\n<\/tr>\n<tr>\n<td width=\"432\">\n<p>Lykia Sent Basic Implantology Seminar<\/p>\n<\/td>\n<td width=\"132\">\n<p>October 2010<\/p>\n<\/td>\n<td width=\"227\">\n<p>&#8211;<\/p>\n<\/td>\n<\/tr>\n<tr>\n<td width=\"432\">\n<p>FDI 2013 Istanbul 101st Annual World Dental Congress<\/p>\n<\/td>\n<td width=\"132\">\n<p>August 2013<\/p>\n<\/td>\n<td width=\"227\">\n<p>\u0130stanbul, T\u00fcrkiye<\/p>\n<\/td>\n<\/tr>\n<tr>\n<td width=\"432\">\n<p>Dental Istanbul 2013 Dentistry and Dental Technology Congress<\/p>\n<\/td>\n<td width=\"132\">\n<p>December 2013<\/p>\n<\/td>\n<td width=\"227\">\n<p>\u0130stanbul, T\u00fcrkiye<\/p>\n<\/td>\n<\/tr>\n<tr>\n<td width=\"432\">\n<p>Laboratory Animal Use Certificate<\/p>\n<\/td>\n<td width=\"132\">\n<p>October 2014<\/p>\n<\/td>\n<td width=\"227\">\n<p>T\u00fcrkiye<\/p>\n<\/td>\n<\/tr>\n<tr>\n<td width=\"432\">\n<p>16th Patient and Employee Safety Symposium<\/p>\n<\/td>\n<td width=\"132\">\n<p>October 2014<\/p>\n<\/td>\n<td width=\"227\">\n<p>T\u00fcrkiye<\/p>\n<\/td>\n<\/tr>\n<\/tbody>\n<\/table>\n<p>\u00a0<\/p>\n\n\t\t<\/div>\n\t\t\t\t\t<\/div>\n\n\t\n\n\t<div id=\"col-1915767413\" class=\"col medium-4 small-12 large-4 medium-col-first\"  >\n\t\t<div class=\"is-sticky-column\"><div class=\"is-sticky-column__inner\">\t\t<div class=\"col-inner\"  >\n\t\t\t\n\t\t\t\n\n\t<div class=\"img has-hover x md-x lg-x y md-y lg-y\" id=\"image_284369205\">\n\t\t\t\t\t\t\t\t<div class=\"img-inner dark\" >\n\t\t\t<img loading=\"lazy\" decoding=\"async\" width=\"600\" height=\"750\" src=\"https:\/\/dtayseerken.com\/wp-content\/uploads\/2025\/01\/Periodontoloji-Uzmani-Uzm.Dt_.-Olgu-Alperat-Kilic-Dt-Ayse-Erken.webp\" class=\"attachment-original size-original\" alt=\"\" srcset=\"https:\/\/dtayseerken.com\/wp-content\/uploads\/2025\/01\/Periodontoloji-Uzmani-Uzm.Dt_.-Olgu-Alperat-Kilic-Dt-Ayse-Erken.webp 600w, https:\/\/dtayseerken.com\/wp-content\/uploads\/2025\/01\/Periodontoloji-Uzmani-Uzm.Dt_.-Olgu-Alperat-Kilic-Dt-Ayse-Erken-240x300.webp 240w\" sizes=\"auto, (max-width: 600px) 100vw, 600px\" title=\"\">\t\t\t\t\t\t\n\t\t\t\t\t<\/div>\n\t\t\t\t\t\t\t\t\n<style>\n#image_284369205 {\n  width: 100%;\n}\n<\/style>\n\t<\/div>\n\t\n\n\n\t\t<\/div>\n\t\t<\/div><\/div>\t\t\t<\/div>\n\n\t\n\n<\/div>\n\n\t\t<\/div>\n\n\t\t\n<style>\n#section_1739183991 {\n  padding-top: 20px;\n  padding-bottom: 20px;\n}\n<\/style>\n\t<\/section>\n\t\n\n","protected":false},"excerpt":{"rendered":"","protected":false},"author":3,"featured_media":2145,"parent":0,"menu_order":0,"comment_status":"closed","ping_status":"closed","template":"page-blank.php","meta":{"_joinchat":[],"footnotes":""},"class_list":["post-2406","page","type-page","status-publish","has-post-thumbnail","hentry"],"_links":{"self":[{"href":"https:\/\/dtayseerken.com\/en\/wp-json\/wp\/v2\/pages\/2406","targetHints":{"allow":["GET"]}}],"collection":[{"href":"https:\/\/dtayseerken.com\/en\/wp-json\/wp\/v2\/pages"}],"about":[{"href":"https:\/\/dtayseerken.com\/en\/wp-json\/wp\/v2\/types\/page"}],"author":[{"embeddable":true,"href":"https:\/\/dtayseerken.com\/en\/wp-json\/wp\/v2\/users\/3"}],"replies":[{"embeddable":true,"href":"https:\/\/dtayseerken.com\/en\/wp-json\/wp\/v2\/comments?post=2406"}],"version-history":[{"count":2,"href":"https:\/\/dtayseerken.com\/en\/wp-json\/wp\/v2\/pages\/2406\/revisions"}],"predecessor-version":[{"id":2412,"href":"https:\/\/dtayseerken.com\/en\/wp-json\/wp\/v2\/pages\/2406\/revisions\/2412"}],"wp:featuredmedia":[{"embeddable":true,"href":"https:\/\/dtayseerken.com\/en\/wp-json\/wp\/v2\/media\/2145"}],"wp:attachment":[{"href":"https:\/\/dtayseerken.com\/en\/wp-json\/wp\/v2\/media?parent=2406"}],"curies":[{"name":"wp","href":"https:\/\/api.w.org\/{rel}","templated":true}]}}